{"id":1411,"date":"2021-03-03T18:21:26","date_gmt":"2021-03-03T17:21:26","guid":{"rendered":"https:\/\/www.natalroll.com\/?page_id=1411"},"modified":"2021-03-03T18:29:59","modified_gmt":"2021-03-03T17:29:59","slug":"home","status":"publish","type":"page","link":"https:\/\/www.natalroll.com\/en\/","title":{"rendered":"Home"},"content":{"rendered":"<div class=\"slider-wrapper relative\" id=\"slider-418407885\" style=\"background-color:rgb(211, 211, 211);\">\n    <div class=\"slider slider-type-fade slider-nav-circle slider-nav-large slider-nav-light slider-style-normal\"\n        data-flickity-options='{\n            \"cellAlign\": \"center\",\n            \"imagesLoaded\": true,\n            \"lazyLoad\": 1,\n            \"freeScroll\": false,\n            \"wrapAround\": true,\n            \"autoPlay\": 6000,\n            \"pauseAutoPlayOnHover\" : true,\n            \"prevNextButtons\": true,\n            \"contain\" : true,\n            \"adaptiveHeight\" : true,\n            \"dragThreshold\" : 10,\n            \"percentPosition\": true,\n            \"pageDots\": true,\n            \"rightToLeft\": false,\n            \"draggable\": true,\n            \"selectedAttraction\": 0.1,\n            \"parallax\" : 0,\n            \"friction\": 0.6        }'\n        >\n        \n\n  <div class=\"banner has-hover has-parallax\" id=\"banner-1039048484\">\n          <div class=\"banner-inner fill\">\n        <div class=\"banner-bg fill\" data-parallax=\"-3\" data-parallax-container=\".banner\" data-parallax-background>\n            <div class=\"bg fill bg-fill \"><\/div>\n                                    \n                    <\/div>\n        <div class=\"banner-layers container\">\n            <div class=\"fill banner-link\"><\/div>            \n   <div id=\"text-box-1643129760\" class=\"text-box banner-layer slider-text x50 md-x50 lg-x50 y50 md-y50 lg-y50 res-text\">\n                                <div class=\"text \">\n              \n              <div class=\"text-inner text-center\">\n                  \n<h2 class=\"\">SWEET MUSELIN<\/h2>\n<h5>100% OEKO TEX certified cotton.<\/h5>\n<a href=\"http:\/\/www.natalroll.com\/muselina\/\" target=\"_self\" class=\"button primary is-outline\"  style=\"border-radius:10px;\">\n    <span>Discover now<\/span>\n  <\/a>\n\n              <\/div>\n           <\/div>\n                            \n<style scope=\"scope\">\n\n#text-box-1643129760 .text {\n  background-color: rgba(255, 255, 255, 0.75);\n  border-radius: 28px;\n  font-size: 100%;\n}\n#text-box-1643129760 .text-inner {\n  padding: 36px 40px 36px 40px;\n}\n#text-box-1643129760 {\n  width: 75%;\n}\n\n\n@media (min-width:550px) {\n\n  #text-box-1643129760 {\n    width: 33%;\n  }\n\n}\n<\/style>\n    <\/div>\n \n        <\/div>\n      <\/div>\n\n            \n<style scope=\"scope\">\n\n#banner-1039048484 {\n  padding-top: 60vh;\n  background-color: rgb(214, 214, 214);\n}\n#banner-1039048484 .bg.bg-loaded {\n  background-image: url(https:\/\/www.natalroll.com\/wp-content\/uploads\/2020\/10\/3.-portada-Muselina-scaled.jpg);\n}\n\n\n@media (min-width:550px) {\n\n  #banner-1039048484 {\n    padding-top: 40%;\n  }\n\n}\n<\/style>\n  <\/div>\n\n\n\n  <div class=\"banner has-hover has-parallax\" id=\"banner-1553283069\">\n          <div class=\"banner-inner fill\">\n        <div class=\"banner-bg fill\" data-parallax=\"-3\" data-parallax-container=\".banner\" data-parallax-background>\n            <div class=\"bg fill bg-fill \"><\/div>\n                                    \n                    <\/div>\n        <div class=\"banner-layers container\">\n            <div class=\"fill banner-link\"><\/div>            \n   <div id=\"text-box-808507873\" class=\"text-box banner-layer slider-text x50 md-x50 lg-x50 y50 md-y50 lg-y50 res-text\">\n                                <div class=\"text \">\n              \n              <div class=\"text-inner text-center\">\n                  \n<h2 class=\"\">Choose your size<\/h2>\n<h5>3 different sizes available<\/h5>\n<a href=\"http:\/\/www.natalroll.com\/natalroll\/\" target=\"_self\" class=\"button primary is-outline\"  style=\"border-radius:10px;\">\n    <span>Discover now<\/span>\n  <\/a>\n\n              <\/div>\n           <\/div>\n                            \n<style scope=\"scope\">\n\n#text-box-808507873 .text {\n  background-color: rgba(255, 255, 255, 0.75);\n  border-radius: 28px;\n  font-size: 100%;\n}\n#text-box-808507873 .text-inner {\n  padding: 36px 40px 36px 40px;\n}\n#text-box-808507873 {\n  width: 75%;\n}\n\n\n@media (min-width:550px) {\n\n  #text-box-808507873 {\n    width: 33%;\n  }\n\n}\n<\/style>\n    <\/div>\n \n        <\/div>\n      <\/div>\n\n            \n<style scope=\"scope\">\n\n#banner-1553283069 {\n  padding-top: 60vh;\n  background-color: rgb(214, 214, 214);\n}\n#banner-1553283069 .bg.bg-loaded {\n  background-image: url(https:\/\/www.natalroll.com\/wp-content\/uploads\/2020\/10\/2.S-M-L-scaled.jpg);\n}\n\n\n@media (min-width:550px) {\n\n  #banner-1553283069 {\n    padding-top: 40%;\n  }\n\n}\n<\/style>\n  <\/div>\n\n\n\n  <div class=\"banner has-hover has-parallax\" id=\"banner-1958872999\">\n          <div class=\"banner-inner fill\">\n        <div class=\"banner-bg fill\" data-parallax=\"-3\" data-parallax-container=\".banner\" data-parallax-background>\n            <div class=\"bg fill bg-fill \"><\/div>\n                                    \n                    <\/div>\n        <div class=\"banner-layers container\">\n            <div class=\"fill banner-link\"><\/div>            \n   <div id=\"text-box-740203408\" class=\"text-box banner-layer slider-text x50 md-x50 lg-x50 y50 md-y50 lg-y50 res-text\">\n                                <div class=\"text \">\n              \n              <div class=\"text-inner text-center\">\n                  \n<h2 class=\"\">SIMPLE, APPEALING AND PRACTICAL<\/h2>\n<h5>Removable and without a zip. Discover now<\/h5>\n<a href=\"http:\/\/www.natalroll.com\/fundas\/\" target=\"_self\" class=\"button primary is-outline\"  style=\"border-radius:10px;\">\n    <span>Discover now<\/span>\n  <\/a>\n\n              <\/div>\n           <\/div>\n                            \n<style scope=\"scope\">\n\n#text-box-740203408 .text {\n  background-color: rgba(255, 255, 255, 0.75);\n  border-radius: 28px;\n  font-size: 100%;\n}\n#text-box-740203408 .text-inner {\n  padding: 36px 40px 36px 40px;\n}\n#text-box-740203408 {\n  width: 75%;\n}\n\n\n@media (min-width:550px) {\n\n  #text-box-740203408 {\n    width: 33%;\n  }\n\n}\n<\/style>\n    <\/div>\n \n        <\/div>\n      <\/div>\n\n            \n<style scope=\"scope\">\n\n#banner-1958872999 {\n  padding-top: 60vh;\n  background-color: rgb(214, 214, 214);\n}\n#banner-1958872999 .bg.bg-loaded {\n  background-image: url(https:\/\/www.natalroll.com\/wp-content\/uploads\/2020\/10\/4.FUNDA-EXTRA-scaled.jpg);\n}\n\n\n@media (min-width:550px) {\n\n  #banner-1958872999 {\n    padding-top: 40%;\n  }\n\n}\n<\/style>\n  <\/div>\n\n\n\n  <div class=\"banner has-hover has-parallax\" id=\"banner-567228089\">\n          <div class=\"banner-inner fill\">\n        <div class=\"banner-bg fill\" data-parallax=\"-3\" data-parallax-container=\".banner\" data-parallax-background>\n            <div class=\"bg fill bg-fill \"><\/div>\n                                    \n                    <\/div>\n        <div class=\"banner-layers container\">\n            <div class=\"fill banner-link\"><\/div>            \n   <div id=\"text-box-1308782966\" class=\"text-box banner-layer slider-text x50 md-x50 lg-x50 y50 md-y50 lg-y50 res-text\">\n                                <div class=\"text \">\n              \n              <div class=\"text-inner text-center\">\n                  \n<h2 class=\"\">VELVET<\/h2>\n<h5>Autumn\/Winter Collection<\/h5>\n<a href=\"http:\/\/www.natalroll.com\/colecciones\/\" target=\"_self\" class=\"button primary is-outline\"  style=\"border-radius:10px;\">\n    <span>Discover now<\/span>\n  <\/a>\n\n              <\/div>\n           <\/div>\n                            \n<style scope=\"scope\">\n\n#text-box-1308782966 .text {\n  background-color: rgba(255, 255, 255, 0.75);\n  border-radius: 28px;\n  font-size: 100%;\n}\n#text-box-1308782966 .text-inner {\n  padding: 36px 40px 36px 40px;\n}\n#text-box-1308782966 {\n  width: 75%;\n}\n\n\n@media (min-width:550px) {\n\n  #text-box-1308782966 {\n    width: 33%;\n  }\n\n}\n<\/style>\n    <\/div>\n \n        <\/div>\n      <\/div>\n\n            \n<style scope=\"scope\">\n\n#banner-567228089 {\n  padding-top: 60vh;\n  background-color: rgb(214, 214, 214);\n}\n#banner-567228089 .bg.bg-loaded {\n  background-image: url(https:\/\/www.natalroll.com\/wp-content\/uploads\/2020\/10\/1.VELVET-scaled.jpg);\n}\n\n\n@media (min-width:550px) {\n\n  #banner-567228089 {\n    padding-top: 40%;\n  }\n\n}\n<\/style>\n  <\/div>\n\n\n     <\/div>\n\n     <div class=\"loading-spin dark large centered\"><\/div>\n\n     <style scope=\"scope\">\n             <\/style>\n<\/div>\n\n\n\n\t<section class=\"section\" id=\"section_766750613\">\n\t\t<div class=\"bg section-bg fill bg-fill  bg-loaded\" >\n\n\t\t\t\n\t\t\t\n\t\t\t\n\n\t\t<\/div>\n\n\t\t<div class=\"section-content relative\">\n\t\t\t\n<div class=\"row row-small align-middle align-center home-products\"  id=\"row-964557739\">\n\n\t<div class=\"col small-12 large-12\"  >\n\t\t<div class=\"col-inner\" style=\"padding:0px 0px 0 0px;margin:0 0px 0px 0px;\" >\n\t\t\t\n\t\t\t\n<h2 style=\"text-align: center;\">Extra long protective cushion designs for babies that adapt to their growth stage.<\/h2>\n<h3 style=\"text-align: center;\">Hand made with high quality materials in our workshop in Barcelona.<\/br><br \/>\nWe offer you an ample variety of designs for you to choose your favourite and change it whenever you like.<br \/>\n<\/h3>\n\t\t<\/div>\n\t<\/div>\n\n\t\n\n<style scope=\"scope\">\n\n<\/style>\n<\/div>\n\t\t<\/div>\n\n\t\t\n<style scope=\"scope\">\n\n#section_766750613 {\n  padding-top: 64px;\n  padding-bottom: 64px;\n}\n<\/style>\n\t<\/section>\n\t\n\t<section class=\"section tri-bg has-parallax\" id=\"section_1702539930\">\n\t\t<div class=\"bg section-bg fill bg-fill  \" data-parallax-container=\".section\" data-parallax-background data-parallax=\"-5\">\n\n\t\t\t\n\t\t\t<div class=\"section-bg-overlay absolute fill\"><\/div>\n\t\t\t\n\n\t\t<\/div>\n\n\t\t<div class=\"section-content relative\">\n\t\t\t\n<div class=\"row row-large align-middle row-image-super\"  id=\"row-1669774800\">\n\n\t<div class=\"col image medium-6 small-12 large-6\"  >\n\t\t<div class=\"col-inner\"  >\n\t\t\t\n\t\t\t\n\t<div class=\"img has-hover x md-x lg-x y md-y lg-y\" id=\"image_127139234\">\n\t\t\t\t\t\t\t\t<div class=\"img-inner image-cover dark\" style=\"padding-top:101%;\">\n\t\t\t<img loading=\"lazy\" decoding=\"async\" width=\"1020\" height=\"1020\" src=\"https:\/\/www.natalroll.com\/wp-content\/uploads\/2020\/09\/prisma-rosa-r2-1024x1024.jpg\" class=\"attachment-large size-large\" alt=\"\" srcset=\"https:\/\/www.natalroll.com\/wp-content\/uploads\/2020\/09\/prisma-rosa-r2-1024x1024.jpg 1024w, https:\/\/www.natalroll.com\/wp-content\/uploads\/2020\/09\/prisma-rosa-r2-100x100.jpg 100w, https:\/\/www.natalroll.com\/wp-content\/uploads\/2020\/09\/prisma-rosa-r2-510x510.jpg 510w, https:\/\/www.natalroll.com\/wp-content\/uploads\/2020\/09\/prisma-rosa-r2-300x300.jpg 300w, https:\/\/www.natalroll.com\/wp-content\/uploads\/2020\/09\/prisma-rosa-r2-150x150.jpg 150w, https:\/\/www.natalroll.com\/wp-content\/uploads\/2020\/09\/prisma-rosa-r2-768x768.jpg 768w, https:\/\/www.natalroll.com\/wp-content\/uploads\/2020\/09\/prisma-rosa-r2.jpg 1500w\" sizes=\"auto, (max-width: 1020px) 100vw, 1020px\" \/>\t\t\t\t\t\t\n\t\t\t\t\t<\/div>\n\t\t\t\t\t\t\t\t\n<style scope=\"scope\">\n\n#image_127139234 {\n  width: 100%;\n}\n<\/style>\n\t<\/div>\n\t\n\t\t<\/div>\n\t<\/div>\n\n\t\n\n\t<div class=\"col beige-bg bg small-12 large-12\"  >\n\t\t<div class=\"col-inner\" style=\"margin:0 0px 0px 0px;\" >\n\t\t\t\n\t\t\t\n<h1 style=\"text-align: left;\">NatalRoll is a child <\/br>decoration brand.<\/h1>\n<h2 style=\"text-align: left;\">We design products based on the Montessori methodology that help the baby develop his\/her abilities in a safe environment and we create them in a local and sustainable way.<\/h2>\n\t\t<\/div>\n\t<\/div>\n\n\t\n\n<style scope=\"scope\">\n\n#row-1669774800 > .col > .col-inner {\n  padding: 30px 0px 0px 0px;\n}\n<\/style>\n<\/div>\n\t\t<\/div>\n\n\t\t\n<style scope=\"scope\">\n\n#section_1702539930 {\n  padding-top: 30px;\n  padding-bottom: 30px;\n}\n#section_1702539930 .section-bg-overlay {\n  background-color: rgba(255, 255, 255, 0.95);\n}\n#section_1702539930 .section-bg.bg-loaded {\n  background-image: url(https:\/\/www.natalroll.com\/wp-content\/uploads\/2020\/09\/tri-bg.svg);\n}\n<\/style>\n\t<\/section>\n\t\n\t<section class=\"section\" id=\"section_1484743591\">\n\t\t<div class=\"bg section-bg fill bg-fill  bg-loaded\" >\n\n\t\t\t\n\t\t\t\n\t\t\t\n\n\t\t<\/div>\n\n\t\t<div class=\"section-content relative\">\n\t\t\t\n<div class=\"row row-small align-middle align-center home-products\"  id=\"row-1925989935\">\n\n\t<div class=\"col small-12 large-12\"  >\n\t\t<div class=\"col-inner\" style=\"padding:0px 0px 0 0px;margin:0 0px 0px 0px;\" >\n\t\t\t\n\t\t\t\n<h1 style=\"text-align: center;\">Productos m\u00e1s vendidos<\/h1>\n\t\t<\/div>\n\t<\/div>\n\n\t\n\n\t<div class=\"col medium-4 small-12 large-4\"  >\n\t\t<div class=\"col-inner\" style=\"background-color:rgb(233, 221, 207);margin:0 0px 0px 0px;\" >\n\t\t\t\n\t\t\t\n\n  \n    <div class=\"row  equalize-box large-columns-1 medium-columns- small-columns- row-small\">\n  \t\n\t     \n\t\t\t\t\t\n<div class=\"product-small col has-hover product type-product post-1702 status-publish first instock product_cat-muselina-en-3 product_cat-muselina-en-2 product_cat-natalroll-en product_tag-muselina-en product_tag-natalroll-en has-post-thumbnail taxable shipping-taxable purchasable product-type-variable\">\n\t<div class=\"col-inner\">\n\t\n<div class=\"badge-container absolute left top z-1\">\n<\/div>\n\t<div class=\"product-small box \">\n\t\t<div class=\"box-image\">\n\t\t\t<div class=\"image-fade_in_back\">\n\t\t\t\t<a href=\"https:\/\/www.natalroll.com\/en\/producto\/natalroll-muselina\/\">\n\t\t\t\t\t<img loading=\"lazy\" decoding=\"async\" width=\"247\" height=\"296\" src=\"https:\/\/www.natalroll.com\/wp-content\/uploads\/2020\/09\/muselina-rosa-S-scaled-247x296.jpg\" class=\"attachment-woocommerce_thumbnail size-woocommerce_thumbnail\" alt=\"NatalRoll Muselina\" \/><img loading=\"lazy\" decoding=\"async\" width=\"247\" height=\"296\" src=\"https:\/\/www.natalroll.com\/wp-content\/uploads\/2020\/09\/muselina-rosa-S-1-247x296.jpg\" class=\"show-on-hover absolute fill hide-for-small back-image\" alt=\"\" \/>\t\t\t\t<\/a>\n\t\t\t<\/div>\n\t\t\t<div class=\"image-tools is-small top right show-on-hover\">\n\t\t\t\t\t\t\t<\/div>\n\t\t\t<div class=\"image-tools is-small hide-for-small bottom left show-on-hover\">\n\t\t\t\t\t\t\t<\/div>\n\t\t\t<div class=\"image-tools grid-tools text-center hide-for-small bottom hover-slide-in show-on-hover\">\n\t\t\t\t\t\t\t<\/div>\n\t\t\t\t\t<\/div>\n\n\t\t<div class=\"box-text box-text-products\">\n\t\t\t<div class=\"title-wrapper\"><p class=\"name product-title\"><a href=\"https:\/\/www.natalroll.com\/en\/producto\/natalroll-muselina\/\">NatalRoll Muselina<\/a><\/p><\/div><div class=\"price-wrapper\">\n\t<span class=\"price\"><span class=\"woocommerce-Price-amount amount\" aria-hidden=\"true\"><bdi>47,95<span class=\"woocommerce-Price-currencySymbol\">&euro;<\/span><\/bdi><\/span> <span aria-hidden=\"true\">&ndash;<\/span> <span class=\"woocommerce-Price-amount amount\" aria-hidden=\"true\"><bdi>62,95<span class=\"woocommerce-Price-currencySymbol\">&euro;<\/span><\/bdi><\/span><span class=\"screen-reader-text\">Price range: 47,95&euro; through 62,95&euro;<\/span> <small class=\"woocommerce-price-suffix\">IVA incluido<\/small><\/span>\n<\/div>\t\t<\/div>\n\t<\/div>\n\t\t<\/div>\n<\/div>\n\t            \t        <\/div>\n\t\t<\/div>\n\t<\/div>\n\n\t\n\n\t<div class=\"col medium-4 small-12 large-4\"  >\n\t\t<div class=\"col-inner\" style=\"background-color:rgb(233, 221, 207);margin:0 0px 0px 0px;\" >\n\t\t\t\n\t\t\t\n\n  \n    <div class=\"row large-columns-1 medium-columns- small-columns- row-small\">\n  \t\n\t     \n\t\t\t\t\t\n<div class=\"product-small col has-hover product type-product post-1785 status-publish instock product_cat-natalroll-en product_cat-velvet-glam-en-2 product_cat-velvet-glam-en-3 product_tag-natalroll-en product_tag-velvet-glam-en has-post-thumbnail taxable shipping-taxable purchasable product-type-variable has-default-attributes\">\n\t<div class=\"col-inner\">\n\t\n<div class=\"badge-container absolute left top z-1\">\n<\/div>\n\t<div class=\"product-small box \">\n\t\t<div class=\"box-image\">\n\t\t\t<div class=\"image-fade_in_back\">\n\t\t\t\t<a href=\"https:\/\/www.natalroll.com\/en\/producto\/natalroll-velvet-glam\/\">\n\t\t\t\t\t<img loading=\"lazy\" decoding=\"async\" width=\"247\" height=\"296\" src=\"https:\/\/www.natalroll.com\/wp-content\/uploads\/2020\/09\/velvet-blau-S-2-scaled-247x296.jpg\" class=\"attachment-woocommerce_thumbnail size-woocommerce_thumbnail\" alt=\"NatalRoll Velvet Glam\" \/><img loading=\"lazy\" decoding=\"async\" width=\"247\" height=\"296\" src=\"https:\/\/www.natalroll.com\/wp-content\/uploads\/2020\/09\/velvet-blau-S-1-247x296.jpg\" class=\"show-on-hover absolute fill hide-for-small back-image\" alt=\"\" \/>\t\t\t\t<\/a>\n\t\t\t<\/div>\n\t\t\t<div class=\"image-tools is-small top right show-on-hover\">\n\t\t\t\t\t\t\t<\/div>\n\t\t\t<div class=\"image-tools is-small hide-for-small bottom left show-on-hover\">\n\t\t\t\t\t\t\t<\/div>\n\t\t\t<div class=\"image-tools grid-tools text-center hide-for-small bottom hover-slide-in show-on-hover\">\n\t\t\t\t\t\t\t<\/div>\n\t\t\t\t\t<\/div>\n\n\t\t<div class=\"box-text box-text-products\">\n\t\t\t<div class=\"title-wrapper\"><p class=\"name product-title\"><a href=\"https:\/\/www.natalroll.com\/en\/producto\/natalroll-velvet-glam\/\">NatalRoll Velvet Glam<\/a><\/p><\/div><div class=\"price-wrapper\">\n\t<span class=\"price\"><span class=\"woocommerce-Price-amount amount\" aria-hidden=\"true\"><bdi>47,95<span class=\"woocommerce-Price-currencySymbol\">&euro;<\/span><\/bdi><\/span> <span aria-hidden=\"true\">&ndash;<\/span> <span class=\"woocommerce-Price-amount amount\" aria-hidden=\"true\"><bdi>62,95<span class=\"woocommerce-Price-currencySymbol\">&euro;<\/span><\/bdi><\/span><span class=\"screen-reader-text\">Price range: 47,95&euro; through 62,95&euro;<\/span> <small class=\"woocommerce-price-suffix\">IVA incluido<\/small><\/span>\n<\/div>\t\t<\/div>\n\t<\/div>\n\t\t<\/div>\n<\/div>\n\t            \t        <\/div>\n\t\t<\/div>\n\t<\/div>\n\n\t\n\n\t<div class=\"col medium-4 small-12 large-4\"  >\n\t\t<div class=\"col-inner\" style=\"background-color:rgb(233, 221, 207);margin:0 0px 0px 0px;\" >\n\t\t\t\n\t\t\t\n\n  \n    <div class=\"row large-columns-1 medium-columns- small-columns- row-small\">\n  \t\n\t     \n\t\t\t\t\t\n<div class=\"product-small col has-hover product type-product post-1645 status-publish last instock product_cat-natalroll-en product_cat-prisma-en-2 product_cat-prisma-en-3 product_tag-natalroll-en product_tag-prisma-en has-post-thumbnail taxable shipping-taxable product-type-variable has-default-attributes\">\n\t<div class=\"col-inner\">\n\t\n<div class=\"badge-container absolute left top z-1\">\n<\/div>\n\t<div class=\"product-small box \">\n\t\t<div class=\"box-image\">\n\t\t\t<div class=\"image-fade_in_back\">\n\t\t\t\t<a href=\"https:\/\/www.natalroll.com\/en\/producto\/natalroll-prisma\/\">\n\t\t\t\t\t<img loading=\"lazy\" decoding=\"async\" width=\"247\" height=\"296\" src=\"https:\/\/www.natalroll.com\/wp-content\/uploads\/2020\/09\/prisma-azul-S-247x296.jpg\" class=\"attachment-woocommerce_thumbnail size-woocommerce_thumbnail\" alt=\"NatalRoll Prisma\" \/><img loading=\"lazy\" decoding=\"async\" width=\"247\" height=\"296\" src=\"https:\/\/www.natalroll.com\/wp-content\/uploads\/2020\/09\/prisma-blau-S-1-247x296.jpg\" class=\"show-on-hover absolute fill hide-for-small back-image\" alt=\"\" \/>\t\t\t\t<\/a>\n\t\t\t<\/div>\n\t\t\t<div class=\"image-tools is-small top right show-on-hover\">\n\t\t\t\t\t\t\t<\/div>\n\t\t\t<div class=\"image-tools is-small hide-for-small bottom left show-on-hover\">\n\t\t\t\t\t\t\t<\/div>\n\t\t\t<div class=\"image-tools grid-tools text-center hide-for-small bottom hover-slide-in show-on-hover\">\n\t\t\t\t\t\t\t<\/div>\n\t\t\t\t\t<\/div>\n\n\t\t<div class=\"box-text box-text-products\">\n\t\t\t<div class=\"title-wrapper\"><p class=\"name product-title\"><a href=\"https:\/\/www.natalroll.com\/en\/producto\/natalroll-prisma\/\">NatalRoll Prisma<\/a><\/p><\/div><div class=\"price-wrapper\">\n\t<span class=\"price\"><span class=\"woocommerce-Price-amount amount\" aria-hidden=\"true\"><bdi>47,95<span class=\"woocommerce-Price-currencySymbol\">&euro;<\/span><\/bdi><\/span> <span aria-hidden=\"true\">&ndash;<\/span> <span class=\"woocommerce-Price-amount amount\" aria-hidden=\"true\"><bdi>62,95<span class=\"woocommerce-Price-currencySymbol\">&euro;<\/span><\/bdi><\/span><span class=\"screen-reader-text\">Price range: 47,95&euro; through 62,95&euro;<\/span> <small class=\"woocommerce-price-suffix\">IVA incluido<\/small><\/span>\n<\/div>\t\t<\/div>\n\t<\/div>\n\t\t<\/div>\n<\/div>\n\t            \t        <\/div>\n\t\t<\/div>\n\t<\/div>\n\n\t\n\n\t<div class=\"col small-12 large-12\"  >\n\t\t<div class=\"col-inner text-center\" style=\"padding:0px 0px 0 0px;margin:0 0px 0px 0px;\" >\n\t\t\t\n\t\t\t\n<a href=\"\/natalroll\" target=\"_self\" class=\"button primary\"  style=\"border-radius:99px;padding:0px 30px 0px 30px;\">\n    <span>Ver todos<\/span>\n  <\/a>\n\n\t\t<\/div>\n\t<\/div>\n\n\t\n\n<style scope=\"scope\">\n\n<\/style>\n<\/div>\n\t\t<\/div>\n\n\t\t\n<style scope=\"scope\">\n\n#section_1484743591 {\n  padding-top: 30px;\n  padding-bottom: 30px;\n}\n<\/style>\n\t<\/section>\n\t\n\t<section class=\"section tri-bg\" id=\"section_351942334\">\n\t\t<div class=\"bg section-bg fill bg-fill  bg-loaded\" >\n\n\t\t\t\n\t\t\t<div class=\"section-bg-overlay absolute fill\"><\/div>\n\t\t\t\n\n\t\t<\/div>\n\n\t\t<div class=\"section-content relative\">\n\t\t\t\n<div class=\"row row-large align-middle row-image-super reverse dos\"  id=\"row-661923543\">\n\n\t<div class=\"col image medium-6 small-12 large-6\"  >\n\t\t<div class=\"col-inner\"  >\n\t\t\t\n\t\t\t\n\t<div class=\"img has-hover x md-x lg-x y md-y lg-y\" id=\"image_901573497\">\n\t\t\t\t\t\t\t\t<div class=\"img-inner image-cover dark\" style=\"padding-top:100%;\">\n\t\t\t<img loading=\"lazy\" decoding=\"async\" width=\"889\" height=\"1024\" src=\"https:\/\/www.natalroll.com\/wp-content\/uploads\/2020\/10\/foto-family-colo-retallada-1-889x1024.jpg\" class=\"attachment-large size-large\" alt=\"\" srcset=\"https:\/\/www.natalroll.com\/wp-content\/uploads\/2020\/10\/foto-family-colo-retallada-1-889x1024.jpg 889w, https:\/\/www.natalroll.com\/wp-content\/uploads\/2020\/10\/foto-family-colo-retallada-1-510x588.jpg 510w, https:\/\/www.natalroll.com\/wp-content\/uploads\/2020\/10\/foto-family-colo-retallada-1-260x300.jpg 260w, https:\/\/www.natalroll.com\/wp-content\/uploads\/2020\/10\/foto-family-colo-retallada-1-768x885.jpg 768w, https:\/\/www.natalroll.com\/wp-content\/uploads\/2020\/10\/foto-family-colo-retallada-1.jpg 1302w\" sizes=\"auto, (max-width: 889px) 100vw, 889px\" \/>\t\t\t\t\t\t\n\t\t\t\t\t<\/div>\n\t\t\t\t\t\t\t\t\n<style scope=\"scope\">\n\n#image_901573497 {\n  width: 100%;\n}\n<\/style>\n\t<\/div>\n\t\n\t\t<\/div>\n\t<\/div>\n\n\t\n\n\t<div class=\"col beige-bg bg small-12 large-12\"  >\n\t\t<div class=\"col-inner\" style=\"margin:0 0px 0px 0px;\" >\n\t\t\t\n\t\t\t\n<h1 style=\"text-align: left;\">Sobre nosotros<\/h1>\n<h3>Este proyecto nace de una necesidad personal que nos surgi\u00f3 en el momento de mover a Claudia de la cuna colecho a su cama individual. Ten\u00edamos muy claro que quer\u00edamos seguir la metodolog\u00eda de Montessori por lo que no tuvimos ninguna duda en comprar una cama Tipi. El problema fue que Claudia contaba solo con 8 meses y no hab\u00eda ning\u00fan tipo de protector que se adaptara a la cama Tipi y as\u00ed evitar que nuestra peque\u00f1a se diera con la cabecita.<\/h3>\n<a href=\"\/sobre-nosotros\/\" target=\"_self\" class=\"button primary\"  style=\"border-radius:99px;\">\n    <span>Leer m\u00e1s<\/span>\n  <\/a>\n\n\t\t<\/div>\n\t<\/div>\n\n\t\n\n<style scope=\"scope\">\n\n<\/style>\n<\/div>\n\t\t<\/div>\n\n\t\t\n<style scope=\"scope\">\n\n#section_351942334 {\n  padding-top: 30px;\n  padding-bottom: 30px;\n}\n#section_351942334 .section-bg-overlay {\n  background-color: rgba(255, 255, 255, 0.95);\n}\n<\/style>\n\t<\/section>\n\t\n","protected":false},"excerpt":{"rendered":"","protected":false},"author":30,"featured_media":0,"parent":0,"menu_order":0,"comment_status":"closed","ping_status":"closed","template":"page-blank.php","meta":{"inline_featured_image":false,"footnotes":""},"class_list":["post-1411","page","type-page","status-publish","hentry"],"acf":[],"_links":{"self":[{"href":"https:\/\/www.natalroll.com\/en\/wp-json\/wp\/v2\/pages\/1411","targetHints":{"allow":["GET"]}}],"collection":[{"href":"https:\/\/www.natalroll.com\/en\/wp-json\/wp\/v2\/pages"}],"about":[{"href":"https:\/\/www.natalroll.com\/en\/wp-json\/wp\/v2\/types\/page"}],"author":[{"embeddable":true,"href":"https:\/\/www.natalroll.com\/en\/wp-json\/wp\/v2\/users\/30"}],"replies":[{"embeddable":true,"href":"https:\/\/www.natalroll.com\/en\/wp-json\/wp\/v2\/comments?post=1411"}],"version-history":[{"count":3,"href":"https:\/\/www.natalroll.com\/en\/wp-json\/wp\/v2\/pages\/1411\/revisions"}],"predecessor-version":[{"id":1414,"href":"https:\/\/www.natalroll.com\/en\/wp-json\/wp\/v2\/pages\/1411\/revisions\/1414"}],"wp:attachment":[{"href":"https:\/\/www.natalroll.com\/en\/wp-json\/wp\/v2\/media?parent=1411"}],"curies":[{"name":"wp","href":"https:\/\/api.w.org\/{rel}","templated":true}]}}